{"id":777,"date":"2025-05-26T21:58:47","date_gmt":"2025-05-26T21:58:47","guid":{"rendered":"https:\/\/montagnecoupee.firmecreative.com\/politique-de-confidentialite\/"},"modified":"2025-09-11T19:21:48","modified_gmt":"2025-09-11T19:21:48","slug":"privacy-policy","status":"publish","type":"page","link":"https:\/\/montagnecoupee.com\/en\/privacy-policy\/","title":{"rendered":"Privacy policy"},"content":{"rendered":"\n<h2 class=\"wp-block-heading\">Politique sur la protection des renseignements personnels\u00a0<\/h2>\n\n\n\n<p>En naviguant sur le site Web de&nbsp;Auberge de la Montagne Coup\u00e9e, vous acceptez que vos renseignements personnels soient utilis\u00e9s conform\u00e9ment \u00e0 la pr\u00e9sente politique sur la protection des renseignements personnels.&nbsp;<\/p>\n\n\n\n<p>Cette page divulgue les pratiques relatives aux renseignements personnels de&nbsp;Auberge de la Montagne Coup\u00e9e, y compris les types de renseignements qu\u2019elle recueille, la fa\u00e7on dont elle les utilise, les conserve et les prot\u00e8ge.&nbsp;<\/p>\n\n\n\n<h2 class=\"wp-block-heading\">Introduction\u00a0<\/h2>\n\n\n\n<p>Auberge de la Montagne Coup\u00e9e&nbsp;comprend l\u2019importance des questions de confidentialit\u00e9 de ses clients et tient \u00e0 ce que vous soyez inform\u00e9 de la fa\u00e7on dont nous collections, utilisons et prot\u00e9geons vos renseignements personnels. La pr\u00e9sente Politique sur la protection des renseignements personnels d\u00e9crit nos pratiques concernant les renseignements que nous recueillons par l\u2019interm\u00e9diaire de notre site Web, de notre moteur de r\u00e9servation, de nos pages de m\u00e9dias sociaux, de notre syst\u00e8me d\u2019envoi d\u2019infolettre, des autres applications logicielles que nous offrons ainsi que toutes autres activit\u00e9s hors ligne, comme lorsque vous fournissez vos donn\u00e9es \u00e0 notre centre d\u2019appel par t\u00e9l\u00e9phone ou en personne \u00e0 la r\u00e9ception de notre \u00e9tablissement.&nbsp;<\/p>\n\n\n\n<h2 class=\"wp-block-heading\">Collecte des renseignements personnels\u00a0<\/h2>\n\n\n\n<p>Lorsque vous communiquez avec nous, nous recueillons des renseignements au sujet de cette interaction, comme le moment et la raison de l\u2019interaction. Par exemple, lorsque vous naviguez sur notre site Web ou autres plateformes en ligne, nous recueillons des renseignements notamment sur votre adresse IP, le type d\u2019appareil et les activit\u00e9s de navigation.&nbsp;<\/p>\n\n\n\n<p>Nous recueillons \u00e9galement des renseignements personnels lorsque vous faites une r\u00e9servation \u00e0 notre h\u00f4tel ou achetez une carte-cadeau.&nbsp;<\/p>\n\n\n\n<p>Si vous r\u00e9servez un s\u00e9jour \u00e0 notre h\u00f4tel, nous recueillons les renseignements personnels que vous nous fournissez afin de\u202f:&nbsp;<\/p>\n\n\n\n<ul class=\"wp-block-list\">\n<li>Conclure la transaction ;\u00a0<\/li>\n\n\n\n<li>Pouvoir communiquer avec vous si n\u00e9cessaire ;\u00a0<\/li>\n\n\n\n<li>V\u00e9rifier votre identit\u00e9, \u00e0 des fins juridiques et de s\u00e9curit\u00e9.\u00a0<\/li>\n<\/ul>\n\n\n\n<p>Les renseignements personnels que nous recueillons \u00e0 ces fins comprennent votre nom, adresse courriel, adresse de r\u00e9sidence, num\u00e9ro de t\u00e9l\u00e9phone, date de naissance, num\u00e9ro de carte de cr\u00e9dit, date d\u2019expiration et code CVV.&nbsp;<\/p>\n\n\n\n<p>Si vous faites une demande pour besoins sp\u00e9ciaux \u2013 par exemple une chambre pour personne \u00e0 mobilit\u00e9 r\u00e9duite, lit pour b\u00e9b\u00e9, etc. \u2013, nous recueillons ces renseignements n\u00e9cessaires pour r\u00e9pondre \u00e0 votre demande.&nbsp;<\/p>\n\n\n\n<p>Nous recueillons les renseignements personnels dont nous avons raisonnablement besoin pour remplir nos fonctions.&nbsp;<\/p>\n\n\n\n<p>Nous recommandons de ne pas transmettre ces informations n\u00e9cessaires au paiement par courriel ou par les m\u00e9dias sociaux. Afin de prot\u00e9ger vos renseignements personnels, veuillez nous les transmettre uniquement via le moteur de r\u00e9servation sur notre site Web ou par t\u00e9l\u00e9phone.&nbsp;&nbsp;<\/p>\n\n\n\n<h2 class=\"wp-block-heading\">Utilisation des renseignements\u00a0<\/h2>\n\n\n\n<p>Nous utilisons vos renseignements personnels pour\u202f:&nbsp;<\/p>\n\n\n\n<ul class=\"wp-block-list\">\n<li>R\u00e9pondre \u00e0 vos demandes ;\u00a0<\/li>\n\n\n\n<li>Effectuer vos transactions ;\u00a0<\/li>\n\n\n\n<li>Mieux vous servir ;\u00a0<\/li>\n\n\n\n<li>Am\u00e9liorer nos produits et services ;\u00a0<\/li>\n\n\n\n<li>Vous proposer des offres pertinentes ;\u00a0<\/li>\n\n\n\n<li>Remplir nos obligations l\u00e9gales.\u00a0<\/li>\n<\/ul>\n\n\n\n<p>Auberge de la Montagne Coup\u00e9e&nbsp;recueille vos renseignements principalement pour vous identifier, communiquer avec vous au besoin et effectuer le processus de r\u00e9servation et de paiement. En deuxi\u00e8me temps, vos renseignements personnels nous permettent \u00e9galement d\u2019effectuer des \u00e9tudes de march\u00e9 pour mieux r\u00e9pondre aux besoins de notre client\u00e8le dans le but d\u2019am\u00e9liorer l\u2019exp\u00e9rience globale de notre \u00e9tablissement et l\u2019efficacit\u00e9 de notre site Web afin de donner le meilleur service.&nbsp;<\/p>\n\n\n\n<p>Lors de la r\u00e9servation, vous avez la possibilit\u00e9 d\u2019autoriser ou de refuser que nous ajoutions votre adresse courriel \u00e0 notre liste de diffusion d\u2019infolettre. Si vous acceptez, nous utiliserons votre adresse courriel pour vous proposer des offres pertinentes via notre infolettre. En tout temps, vous pouvez choisir de ne plus recevoir de courriels en communiquant directement avec nous par t\u00e9l\u00e9phone, par courriel ou en cliquant sur le bouton de d\u00e9sinscription au bas de l\u2019infolettre.&nbsp;&nbsp;<\/p>\n\n\n\n<p>Finalement, nous pouvons utiliser vos renseignements pour remplir nos obligations l\u00e9gales en cas d\u2019urgence ou que la loi l\u2019exige.&nbsp;<\/p>\n\n\n\n<p>Nous vous assurons qu\u2019en aucun cas nous ne vendons vos renseignements personnels \u00e0 des tiers et n\u2019utilise ni ne divulgue vos renseignements personnels \u00e0 des fins autres que celles pour lesquelles ils sont recueillis.&nbsp;<\/p>\n\n\n\n<h2 class=\"wp-block-heading\">Acc\u00e8s aux renseignements\u00a0<\/h2>\n\n\n\n<p>Conform\u00e9ment \u00e0 la loi, vous avez le droit d\u2019acc\u00e9der \u00e0 vos renseignements personnels enregistr\u00e9s dans nos dossiers et de les mettre \u00e0 jour ou d\u2019en supprimer. Pour ce faire, veuillez nous communiquer par courriel \u00e0 l\u2019adresse suivante\u202f:&nbsp;info@montagnecoupee.com&nbsp;<\/p>\n\n\n\n<p>Veuillez noter que certains renseignements peuvent \u00eatre stock\u00e9s dans des syst\u00e8mes de secours ou des fichiers journaux en raison de contraintes techniques, financi\u00e8res ou juridiques, ce qui peut emp\u00eacher la suppression compl\u00e8te de vos renseignements personnels \u00e0 la suite d\u2019une demande.&nbsp;<\/p>\n\n\n\n<p><strong>Protection des renseignements et incident de confidentialit\u00e9<\/strong>&nbsp;<\/p>\n\n\n\n<p>Dans le but de pr\u00e9venir le vol, l\u2019acc\u00e8s, la perte, la divulgation, la modification ou l\u2019utilisation non autoris\u00e9s de vos renseignements personnels,&nbsp;Auberge de la Montagne Coup\u00e9e&nbsp;a mis en place des mesures rigoureuses de protection physiques, \u00e9lectroniques, administratives et op\u00e9rationnelles, conform\u00e9ment aux normes et aux pratiques du secteur.&nbsp;<\/p>\n\n\n\n<p>Les donn\u00e9es \u00e9lectroniques sont prot\u00e9g\u00e9es par des moyens technologiques, comme les pare-feux, contr\u00f4les d\u2019acc\u00e8s et le chiffrement.&nbsp;Auberge de la Montagne Coup\u00e9e&nbsp;est \u00e9galement conforme aux normes PCI.&nbsp;<\/p>\n\n\n\n<p>Notre personnel est form\u00e9 \u00e0 l\u2019importance de prot\u00e9ger les renseignements personnels de nos clients et l\u2019acc\u00e8s aux renseignements personnels est limit\u00e9 qu\u2019aux employ\u00e9s qui en ont besoin pour exercer leurs fonctions.&nbsp;<\/p>\n\n\n\n<p>Malheureusement, nous ne pouvons pas garantir que nos mesures de protection sont infaillibles ou que les communications en ligne sont toujours s\u00e9curis\u00e9es. En cas d\u2019incident de confidentialit\u00e9, nous agissons rapidement pour att\u00e9nuer les risques et vous informer lorsqu\u2019il y a un risque r\u00e9el de pr\u00e9judice grave.&nbsp;<\/p>\n\n\n\n<p>Pour se conformer \u00e0 la loi,&nbsp;Auberge de la Montagne Coup\u00e9e&nbsp;a \u00e9galement mis en place un registre des incidents de confidentialit\u00e9 qui devra \u00eatre communiqu\u00e9 \u00e0 la Commission sur demande.&nbsp;<\/p>\n\n\n\n<h2 class=\"wp-block-heading\">Conservation des renseignements\u00a0<\/h2>\n\n\n\n<p>Nous conservons vos renseignements personnels pendant la p\u00e9riode n\u00e9cessaire et l\u00e9gale dans le cadre de leur utilisation ou de leur collecte.&nbsp;&nbsp;<\/p>\n\n\n\n<p>Nous conservons vos renseignements personnels pendant la p\u00e9riode n\u00e9cessaire et l\u00e9gale dans le cadre de leur utilisation ou de leur collecte, ou lorsque vous communiquez avec nous pour nous demander de les supprimer de nos dossiers.&nbsp;<\/p>\n\n\n\n<p><strong>T\u00e9moins (cookies), pixels, balises et widgets des m\u00e9dias sociaux<\/strong>&nbsp;<\/p>\n\n\n\n<p>Notre site Web utilise des t\u00e9moins (petits fichiers texte que ce site envoie \u00e0 votre ordinateur et stocke sur votre disque dur) afin de collecter des informations sur ses visiteurs et par la suite de personnaliser la navigation Web et les publicit\u00e9s en ligne en fonction de leurs pr\u00e9f\u00e9rences.&nbsp;<\/p>\n\n\n\n<p>Les t\u00e9moins peuvent \u00eatre permanents ou temporaires. Les t\u00e9moins permanents conservent les pr\u00e9f\u00e9rences pour les sessions futures et restent valides jusqu\u2019\u00e0 une date d\u2019expiration d\u00e9finie. Les t\u00e9moins temporaires expirent \u00e0 la fin de la session ; lorsque le navigateur est ferm\u00e9.&nbsp;<\/p>\n\n\n\n<p>D\u00e8s votre arriv\u00e9e sur notre site Web, une fen\u00eatre vous informera de l\u2019utilisation des t\u00e9moins (cookies) et vous pourrez choisir d\u2019activer, de restreindre ou de bloquer l\u2019usage de ces t\u00e9moins.&nbsp;<\/p>\n\n\n\n<p>Nous utilisons Google Analytics pour mieux comprendre la fa\u00e7on dont les visiteurs utilisent notre site Web et pour la publicit\u00e9 cibl\u00e9e sur les int\u00e9r\u00eats associ\u00e9s \u00e0 votre compte Google et aux appareils que vous utilisez. Les renseignements sur l\u2019utilisation du site de ce t\u00e9moin sont transmis et stock\u00e9s par Google. Vous pouvez vous d\u00e9sabonner de Google Analytics via ce lien\u202f:&nbsp;<a href=\"https:\/\/tools.google.com\/dlpage\/gaoptout?hl=fr\">https:\/\/tools.google.com\/dlpage\/gaoptout?hl=fr<\/a>&nbsp;<\/p>\n\n\n\n<p>Nous pouvons \u00e9galement utiliser des serveurs publicitaires tiers, des balises ou des pixels invisibles pour compter le nombre de visiteurs qui consultent notre site Web. Ces donn\u00e9es sont recueillies sous formes de donn\u00e9es group\u00e9es et peuvent \u00eatre utilis\u00e9es pour am\u00e9liorer nos programmes de marketing.&nbsp;<\/p>\n\n\n\n<h2 class=\"wp-block-heading\">R\u00e9servations et modifications de r\u00e9servation de tiers\u00a0\u00a0<\/h2>\n\n\n\n<p>Si un tiers tente de faire une r\u00e9servation en votre nom, que ce soit un membre de votre famille, un ami ou un coll\u00e8gue, ce tiers doit fournir les m\u00eames renseignements personnels que vous fourniriez normalement lors de la r\u00e9servation. Sauf indication contraire, nous consid\u00e9rons que ce tiers a obtenu votre consentement et votre autorisation pour nous fournir vos renseignements personnels et effectuer la r\u00e9servation (et les modifications associ\u00e9es) en votre nom, conform\u00e9ment \u00e0 notre politique de protection des renseignements personnels. Les renseignements personnels fournis par ce tiers sont soumis \u00e0 notre politique et \u00e0 nos pratiques en mati\u00e8re de protection des renseignements personnels. Si un tiers d\u00e9tient votre nom, num\u00e9ro de t\u00e9l\u00e9phone, adresse et num\u00e9ro de r\u00e9servation et tente de modifier votre r\u00e9servation, nous lui fournirons les renseignements demand\u00e9s et lui permettrons d\u2019apporter les modifications, car nous consid\u00e9rons que vous lui avez donn\u00e9 l\u2019autorisation de le faire.&nbsp;<\/p>\n\n\n\n<h2 class=\"wp-block-heading\">Responsable de la protection des renseignements personnels\u00a0<\/h2>\n\n\n\n<p>Notre responsable de la protection des renseignements personnels est charg\u00e9 de superviser ce que nous faisons avec vos renseignements et de surveiller la conformit\u00e9 \u00e0 cette politique et aux lois sur la protection des renseignements personnels. Si vous avez des pr\u00e9occupations ou d\u2019autres questions sur la fa\u00e7on dont nous traitons les renseignements personnels de nos clients, ou si vous souhaitez faire une demande officielle d\u2019acc\u00e8s ou de modification, veuillez contacter le responsable de la protection des renseignements personnels de&nbsp;l\u2019auberge de la Montagne Coup\u00e9e\u202f:&nbsp;<\/p>\n\n\n\n<p>Pr\u00e9nom Nom: Suzie&nbsp;<\/p>\n\n\n\n<p>Responsable de la protection des renseignements personnels de l\u2019auberge de la Montagne Coup\u00e9e&nbsp;<\/p>\n\n\n\n<p>suzie.beaudry@montagnecoupee.com&nbsp;<\/p>\n\n\n\n<p>1000, chemin de la montagne coup\u00e9e&nbsp;<\/p>\n\n\n\n<p>Saint-Jean-de-matha&nbsp;<\/p>\n\n\n\n<p>T\u00e9l\u00e9phone\u202f: 450-886-3891 #600&nbsp;<\/p>\n\n\n\n<p>Veuillez noter que nous devrons prendre des mesures raisonnables pour confirmer votre identit\u00e9 avant de divulguer des renseignements personnels par les voies de communication ci-dessus.&nbsp;<\/p>\n\n\n\n<p>Cette politique s\u2019applique au site Web\u202f:&nbsp;<a href=\"https:\/\/www.montagnecoupee.com\/\">WWW.MONTAGNECOUPEE.com<\/a>&nbsp;<\/p>\n\n\n\n<p>Date de derni\u00e8re mise \u00e0 jour\u202f:&nbsp;21\/09\/2023&nbsp;<\/p>\n","protected":false},"excerpt":{"rendered":"<p>Politique sur la protection des renseignements personnels\u00a0 En naviguant sur le site Web de&nbsp;Auberge de la Montagne Coup\u00e9e, vous acceptez que vos renseignements personnels soient utilis\u00e9s conform\u00e9ment \u00e0 la pr\u00e9sente politique sur la protection des renseignements personnels.&nbsp; Cette page divulgue les pratiques relatives aux renseignements personnels de&nbsp;Auberge de la Montagne Coup\u00e9e, y compris les types [&hellip;]<\/p>\n","protected":false},"author":1,"featured_media":0,"parent":0,"menu_order":0,"comment_status":"closed","ping_status":"closed","template":"","meta":{"_acf_changed":false,"footnotes":""},"class_list":["post-777","page","type-page","status-publish","hentry"],"acf":[],"yoast_head":"<!-- This site is optimized with the Yoast SEO plugin v27.6 - https:\/\/yoast.com\/product\/yoast-seo-wordpress\/ -->\n<title>Privacy policy | La Montagne Coup\u00e9e<\/title>\n<meta name=\"robots\" content=\"index, follow, max-snippet:-1, max-image-preview:large, max-video-preview:-1\" \/>\n<link rel=\"canonical\" href=\"https:\/\/montagnecoupee.com\/en\/privacy-policy\/\" \/>\n<meta property=\"og:locale\" content=\"en_US\" \/>\n<meta property=\"og:type\" content=\"article\" \/>\n<meta property=\"og:title\" content=\"Privacy policy | La Montagne Coup\u00e9e\" \/>\n<meta property=\"og:description\" content=\"Politique sur la protection des renseignements personnels\u00a0 En naviguant sur le site Web de&nbsp;Auberge de la Montagne Coup\u00e9e, vous acceptez que vos renseignements personnels soient utilis\u00e9s conform\u00e9ment \u00e0 la pr\u00e9sente politique sur la protection des renseignements personnels.&nbsp; Cette page divulgue les pratiques relatives aux renseignements personnels de&nbsp;Auberge de la Montagne Coup\u00e9e, y compris les types [&hellip;]\" \/>\n<meta property=\"og:url\" content=\"https:\/\/montagnecoupee.com\/en\/privacy-policy\/\" \/>\n<meta property=\"og:site_name\" content=\"La Montagne Coup\u00e9e\" \/>\n<meta property=\"article:modified_time\" content=\"2025-09-11T19:21:48+00:00\" \/>\n<meta property=\"og:image\" content=\"https:\/\/montagnecoupee.com\/wp-content\/uploads\/2025\/08\/og-montagne-coupee.jpg\" \/>\n\t<meta property=\"og:image:width\" content=\"1200\" \/>\n\t<meta property=\"og:image:height\" content=\"675\" \/>\n\t<meta property=\"og:image:type\" content=\"image\/jpeg\" \/>\n<meta name=\"twitter:card\" content=\"summary_large_image\" \/>\n<meta name=\"twitter:label1\" content=\"Est. reading time\" \/>\n\t<meta name=\"twitter:data1\" content=\"8 minutes\" \/>\n<!-- \/ Yoast SEO plugin. -->","yoast_head_json":{"title":"Privacy policy | La Montagne Coup\u00e9e","robots":{"index":"index","follow":"follow","max-snippet":"max-snippet:-1","max-image-preview":"max-image-preview:large","max-video-preview":"max-video-preview:-1"},"canonical":"https:\/\/montagnecoupee.com\/en\/privacy-policy\/","og_locale":"en_US","og_type":"article","og_title":"Privacy policy | La Montagne Coup\u00e9e","og_description":"Politique sur la protection des renseignements personnels\u00a0 En naviguant sur le site Web de&nbsp;Auberge de la Montagne Coup\u00e9e, vous acceptez que vos renseignements personnels soient utilis\u00e9s conform\u00e9ment \u00e0 la pr\u00e9sente politique sur la protection des renseignements personnels.&nbsp; Cette page divulgue les pratiques relatives aux renseignements personnels de&nbsp;Auberge de la Montagne Coup\u00e9e, y compris les types [&hellip;]","og_url":"https:\/\/montagnecoupee.com\/en\/privacy-policy\/","og_site_name":"La Montagne Coup\u00e9e","article_modified_time":"2025-09-11T19:21:48+00:00","og_image":[{"width":1200,"height":675,"url":"https:\/\/montagnecoupee.com\/wp-content\/uploads\/2025\/08\/og-montagne-coupee.jpg","type":"image\/jpeg"}],"twitter_card":"summary_large_image","twitter_misc":{"Est. reading time":"8 minutes"},"schema":{"@context":"https:\/\/schema.org","@graph":[{"@type":"WebPage","@id":"https:\/\/montagnecoupee.com\/en\/privacy-policy\/","url":"https:\/\/montagnecoupee.com\/en\/privacy-policy\/","name":"Privacy policy | La Montagne Coup\u00e9e","isPartOf":{"@id":"https:\/\/montagnecoupee.com\/en\/#website"},"datePublished":"2025-05-26T21:58:47+00:00","dateModified":"2025-09-11T19:21:48+00:00","breadcrumb":{"@id":"https:\/\/montagnecoupee.com\/en\/privacy-policy\/#breadcrumb"},"inLanguage":"en-US","potentialAction":[{"@type":"ReadAction","target":["https:\/\/montagnecoupee.com\/en\/privacy-policy\/"]}]},{"@type":"BreadcrumbList","@id":"https:\/\/montagnecoupee.com\/en\/privacy-policy\/#breadcrumb","itemListElement":[{"@type":"ListItem","position":1,"name":"Accueil","item":"https:\/\/montagnecoupee.com\/en\/"},{"@type":"ListItem","position":2,"name":"Privacy policy"}]},{"@type":"WebSite","@id":"https:\/\/montagnecoupee.com\/en\/#website","url":"https:\/\/montagnecoupee.com\/en\/","name":"La Montagne Coup\u00e9e","description":"","potentialAction":[{"@type":"SearchAction","target":{"@type":"EntryPoint","urlTemplate":"https:\/\/montagnecoupee.com\/en\/?s={search_term_string}"},"query-input":{"@type":"PropertyValueSpecification","valueRequired":true,"valueName":"search_term_string"}}],"inLanguage":"en-US"}]}},"_links":{"self":[{"href":"https:\/\/montagnecoupee.com\/en\/wp-json\/wp\/v2\/pages\/777","targetHints":{"allow":["GET"]}}],"collection":[{"href":"https:\/\/montagnecoupee.com\/en\/wp-json\/wp\/v2\/pages"}],"about":[{"href":"https:\/\/montagnecoupee.com\/en\/wp-json\/wp\/v2\/types\/page"}],"author":[{"embeddable":true,"href":"https:\/\/montagnecoupee.com\/en\/wp-json\/wp\/v2\/users\/1"}],"replies":[{"embeddable":true,"href":"https:\/\/montagnecoupee.com\/en\/wp-json\/wp\/v2\/comments?post=777"}],"version-history":[{"count":1,"href":"https:\/\/montagnecoupee.com\/en\/wp-json\/wp\/v2\/pages\/777\/revisions"}],"predecessor-version":[{"id":778,"href":"https:\/\/montagnecoupee.com\/en\/wp-json\/wp\/v2\/pages\/777\/revisions\/778"}],"wp:attachment":[{"href":"https:\/\/montagnecoupee.com\/en\/wp-json\/wp\/v2\/media?parent=777"}],"curies":[{"name":"wp","href":"https:\/\/api.w.org\/{rel}","templated":true}]}}